{"id":8048,"date":"2023-08-15T15:32:13","date_gmt":"2023-08-15T15:32:13","guid":{"rendered":"https:\/\/span-tech.com\/polygonal-industrie\/"},"modified":"2023-09-19T06:58:34","modified_gmt":"2023-09-19T06:58:34","slug":"polygonal-industrie","status":"publish","type":"page","link":"https:\/\/span-tech.com\/fr\/polygonal-industrie\/","title":{"rendered":"Polygonal \u2013 Industrie"},"content":{"rendered":"  \n  <div class=\"main__banner__wrapper\">\n    <div class=\"main__banner page__banner\" id=\"banner-block_f294da30e3337cf9f62afab896b00fe3\">\n              <img decoding=\"async\" width=\"1440\" height=\"2560\" data-src=\"https:\/\/span-tech.com\/wp-content\/smush-webp\/2023\/05\/processed-ec17b4b0-7831-4cc0-a469-900d8bece757_AftvSnV5-scaled.jpeg.webp\" class=\"main__banner__bg js-parallax lazyload\" alt=\"\" data-srcset=\"https:\/\/span-tech.com\/wp-content\/smush-webp\/2023\/05\/processed-ec17b4b0-7831-4cc0-a469-900d8bece757_AftvSnV5-scaled.jpeg.webp 1440w, https:\/\/span-tech.com\/wp-content\/smush-webp\/2023\/05\/processed-ec17b4b0-7831-4cc0-a469-900d8bece757_AftvSnV5-169x300.jpeg.webp 169w, https:\/\/span-tech.com\/wp-content\/smush-webp\/2023\/05\/processed-ec17b4b0-7831-4cc0-a469-900d8bece757_AftvSnV5-576x1024.jpeg.webp 576w, https:\/\/span-tech.com\/wp-content\/smush-webp\/2023\/05\/processed-ec17b4b0-7831-4cc0-a469-900d8bece757_AftvSnV5-768x1365.jpeg.webp 768w, https:\/\/span-tech.com\/wp-content\/smush-webp\/2023\/05\/processed-ec17b4b0-7831-4cc0-a469-900d8bece757_AftvSnV5-864x1536.jpeg.webp 864w, https:\/\/span-tech.com\/wp-content\/smush-webp\/2023\/05\/processed-ec17b4b0-7831-4cc0-a469-900d8bece757_AftvSnV5-1152x2048.jpeg.webp 1152w\" data-sizes=\"(max-width: 1440px) 100vw, 1440px\" src=\"data:image\/svg+xml;base64,PHN2ZyB3aWR0aD0iMSIgaGVpZ2h0PSIxIiB4bWxucz0iaHR0cDovL3d3dy53My5vcmcvMjAwMC9zdmciPjwvc3ZnPg==\" style=\"--smush-placeholder-width: 1440px; --smush-placeholder-aspect-ratio: 1440\/2560;\" \/>        <div class=\"main__banner__filter\"><\/div>\n            <div class=\"main__banner__inner\">\n        <div class=\"main__banner__content\">\n          \n          <h4 class='banner__breadcrumbs'><span><span><a href=\"https:\/\/span-tech.com\/fr\/\">Home<\/a><\/span><\/span><\/h4>\n          <h1 class=\"animate b__loading\">Polygonal \u2013 Industrie<\/h1>\n\n                      <div class=\"hero__info animate b__loading text__formatted\">\n              <p><strong>Chef de file en mati\u00e8re de solutions industrielles<\/strong><\/p>\n            <\/div>\n                  <\/div>\n\n              <\/div>\n    <\/div>\n  <\/div>\n  \n  <div class=\"image__content block__padded bg__none\" id=\"banner-block_7184ab8fd6b8751bf5975dad0758f595\">\n    <div class=\"container xl\">\n      <div class=\"image__content__text\">\n                  <h2 class=\"s-i-animate b__loading\">Red\u00e9finir la polyvalence<\/h2>\n        \n        <div class=\"text__formatted text__wrapper\">\n\n                      <div class=\"text__column s-i-animate b__loading\">\n              <p>Nos structures \u00e0 toits polygonaux red\u00e9finissent le concept de polyvalence, mesurant jusqu\u2019\u00e0 50\u00a0m\u00e8tres avec des hauteurs int\u00e9rieures de 14\u00a0m\u00e8tres. La conception polygonale offre des espaces adaptables pour l\u2019entreposage, les solutions de stockage et les petites et grandes applications de construction \u00e0 l\u2019\u00e9chelle industrielle. De l\u2019optimisation de la capacit\u00e9 de stockage \u00e0 l\u2019adaptation aux processus industriels complexes, ces structures polygonales offrent une flexibilit\u00e9 in\u00e9gal\u00e9e qui r\u00e9pond \u00e0 divers besoins industriels. Avec une capacit\u00e9 de charge impressionnante, les structures polygonales sont d\u00e9lib\u00e9r\u00e9ment con\u00e7ues pour r\u00e9pondre aux exigences rigoureuses du secteur industriel, assurant une fonctionnalit\u00e9 transparente et une utilisation adaptable de l\u2019espace.<\/p>\n            <\/div>\n          \n                  <\/div>\n\n              <\/div>\n\n              <div class=\"image__content__img s-i-animate b__loading\">\n          <img decoding=\"async\" width=\"1024\" height=\"461\" data-src=\"https:\/\/span-tech.com\/wp-content\/smush-webp\/2023\/05\/IMG-20230302-WA0001-1024x461.jpg.webp\" class=\"attachment-large size-large lazyload\" alt=\"\" data-srcset=\"https:\/\/span-tech.com\/wp-content\/smush-webp\/2023\/05\/IMG-20230302-WA0001-1024x461.jpg.webp 1024w, https:\/\/span-tech.com\/wp-content\/smush-webp\/2023\/05\/IMG-20230302-WA0001-300x135.jpg.webp 300w, https:\/\/span-tech.com\/wp-content\/smush-webp\/2023\/05\/IMG-20230302-WA0001-768x346.jpg.webp 768w, https:\/\/span-tech.com\/wp-content\/smush-webp\/2023\/05\/IMG-20230302-WA0001-1536x691.jpg.webp 1536w, https:\/\/span-tech.com\/wp-content\/smush-webp\/2023\/05\/IMG-20230302-WA0001.jpg.webp 1600w\" data-sizes=\"(max-width: 1024px) 100vw, 1024px\" src=\"data:image\/svg+xml;base64,PHN2ZyB3aWR0aD0iMSIgaGVpZ2h0PSIxIiB4bWxucz0iaHR0cDovL3d3dy53My5vcmcvMjAwMC9zdmciPjwvc3ZnPg==\" style=\"--smush-placeholder-width: 1024px; --smush-placeholder-aspect-ratio: 1024\/461;\" \/>\n                  <\/div>\n          <\/div>\n  <\/div>\n\n  \n  <div class=\"info__cards block__padded bg__none\" id=\"banner-block_fb0c3469af43363f56cfc5fafa37fe4c\">\n    <div class=\"container xl\">\n      \n                  \n          <div class=\"single__info__card\">\n            <div class=\"single__card__text\">\n                              <h3 class=\"s-i-animate b__loading\">Plus d&rsquo;informations<\/h3>\n              \n                              <div class=\"single__card__content s-i-animate b__loading text__formatted\">\n                  <ul>\n<li>Port\u00e9e de 10 \u00e0 50\u00a0m, dont 5\u00a0m de trav\u00e9es<\/li>\n<li>Hauteur d\u2019avant-toit de 4 \u00e0 8 m<\/li>\n<li>Design unique<\/li>\n<li>Spantech est le premier sp\u00e9cialiste mondial de ce type de structure, avec plus de 500 000 m2 actuellement exploit\u00e9s sur trois continents<\/li>\n<\/ul>\n                <\/div>\n                          <\/div>\n\n                          <div class=\"single__card__image s-i-animate b__loading\">\n                <img decoding=\"async\" width=\"1024\" height=\"576\" data-src=\"https:\/\/span-tech.com\/wp-content\/smush-webp\/2023\/05\/processed-838b75bb-cbb3-48d3-9795-320cfe3fe553_pgUflMav-1024x576.jpeg.webp\" class=\"attachment-large size-large lazyload\" alt=\"\" data-srcset=\"https:\/\/span-tech.com\/wp-content\/smush-webp\/2023\/05\/processed-838b75bb-cbb3-48d3-9795-320cfe3fe553_pgUflMav-1024x576.jpeg.webp 1024w, https:\/\/span-tech.com\/wp-content\/smush-webp\/2023\/05\/processed-838b75bb-cbb3-48d3-9795-320cfe3fe553_pgUflMav-300x169.jpeg.webp 300w, https:\/\/span-tech.com\/wp-content\/smush-webp\/2023\/05\/processed-838b75bb-cbb3-48d3-9795-320cfe3fe553_pgUflMav-768x432.jpeg.webp 768w, https:\/\/span-tech.com\/wp-content\/smush-webp\/2023\/05\/processed-838b75bb-cbb3-48d3-9795-320cfe3fe553_pgUflMav-1536x864.jpeg.webp 1536w, https:\/\/span-tech.com\/wp-content\/smush-webp\/2023\/05\/processed-838b75bb-cbb3-48d3-9795-320cfe3fe553_pgUflMav-2048x1152.jpeg.webp 2048w\" data-sizes=\"(max-width: 1024px) 100vw, 1024px\" src=\"data:image\/svg+xml;base64,PHN2ZyB3aWR0aD0iMSIgaGVpZ2h0PSIxIiB4bWxucz0iaHR0cDovL3d3dy53My5vcmcvMjAwMC9zdmciPjwvc3ZnPg==\" style=\"--smush-placeholder-width: 1024px; --smush-placeholder-aspect-ratio: 1024\/576;\" \/>\n                              <\/div>\n\n                      <\/div>\n\n                  \n          <div class=\"single__info__card reversed\">\n            <div class=\"single__card__text\">\n                              <h3 class=\"s-i-animate b__loading\">Accessoires en option<\/h3>\n              \n                              <div class=\"single__card__content s-i-animate b__loading text__formatted\">\n                  <ul>\n<li>Parois dures, panneaux thermoform\u00e9s, parois vitr\u00e9es<\/li>\n<li>Planchers<\/li>\n<li>Portes et fen\u00eatres<\/li>\n<li>Rev\u00eatement pour plafonds et murs<\/li>\n<\/ul>\n                <\/div>\n                          <\/div>\n\n                          <div class=\"single__card__image s-i-animate b__loading\">\n                <img decoding=\"async\" width=\"1024\" height=\"768\" data-src=\"https:\/\/span-tech.com\/wp-content\/smush-webp\/2023\/05\/Mulhouse-1024x768.jpg.webp\" class=\"attachment-large size-large lazyload\" alt=\"custom-building\" data-srcset=\"https:\/\/span-tech.com\/wp-content\/smush-webp\/2023\/05\/Mulhouse-1024x768.jpg.webp 1024w, https:\/\/span-tech.com\/wp-content\/smush-webp\/2023\/05\/Mulhouse-300x225.jpg.webp 300w, https:\/\/span-tech.com\/wp-content\/smush-webp\/2023\/05\/Mulhouse-768x576.jpg.webp 768w, https:\/\/span-tech.com\/wp-content\/smush-webp\/2023\/05\/Mulhouse-1536x1152.jpg.webp 1536w, https:\/\/span-tech.com\/wp-content\/smush-webp\/2023\/05\/Mulhouse-2048x1536.jpg.webp 2048w\" data-sizes=\"(max-width: 1024px) 100vw, 1024px\" src=\"data:image\/svg+xml;base64,PHN2ZyB3aWR0aD0iMSIgaGVpZ2h0PSIxIiB4bWxucz0iaHR0cDovL3d3dy53My5vcmcvMjAwMC9zdmciPjwvc3ZnPg==\" style=\"--smush-placeholder-width: 1024px; --smush-placeholder-aspect-ratio: 1024\/768;\" \/>\n                              <\/div>\n\n                      <\/div>\n\n        \n          <\/div>\n\n  <\/div>\n  \n  <div class=\"text__cta block__padded\" id=\"banner-block_a0626f996a980784c01580923a7d46e8\">\n          <img decoding=\"async\" width=\"1920\" height=\"561\" data-src=\"https:\/\/span-tech.com\/wp-content\/smush-webp\/2023\/03\/Concorde-81.png.webp\" class=\"attachment-full size-full lazyload\" alt=\"viewbox\" data-srcset=\"https:\/\/span-tech.com\/wp-content\/smush-webp\/2023\/03\/Concorde-81.png.webp 1920w, https:\/\/span-tech.com\/wp-content\/smush-webp\/2023\/03\/Concorde-81-300x88.png.webp 300w, https:\/\/span-tech.com\/wp-content\/smush-webp\/2023\/03\/Concorde-81-1024x299.png.webp 1024w, https:\/\/span-tech.com\/wp-content\/smush-webp\/2023\/03\/Concorde-81-768x224.png.webp 768w, https:\/\/span-tech.com\/wp-content\/smush-webp\/2023\/03\/Concorde-81-1536x449.png.webp 1536w\" data-sizes=\"(max-width: 1920px) 100vw, 1920px\" src=\"data:image\/svg+xml;base64,PHN2ZyB3aWR0aD0iMSIgaGVpZ2h0PSIxIiB4bWxucz0iaHR0cDovL3d3dy53My5vcmcvMjAwMC9zdmciPjwvc3ZnPg==\" style=\"--smush-placeholder-width: 1920px; --smush-placeholder-aspect-ratio: 1920\/561;\" \/>    \n    <div class=\"text__cta__cover bg__blue\"><\/div>\n    <div class=\"container lg\">\n              <p class=\"cta__text__text\">Contactez nos experts pour discuter de votre prochain projet<\/p>\n      \n                    <div class=\"cta__wrapper center\">\n          \n  <a class=\"btn btn__full goto\" href=\"https:\/\/span-tech.com\/fr\/contactez-nous\/\" target=\"\">\n    Contactez-nous    <span class=\"button__icon\">\n      <svg fill=\"none\" stroke=\"white\" stroke-width=\"1.5\" viewBox=\"0 0 24 24\" xmlns=\"http:\/\/www.w3.org\/2000\/svg\" aria-hidden=\"true\"><path stroke-linecap=\"round\" stroke-linejoin=\"round\" d=\"M4.5 12h15m0 0l-6.75-6.75M19.5 12l-6.75 6.75\"><\/path><\/svg>\n    <\/span>\n  <\/a>\n        <\/div>\n          <\/div>\n  <\/div>\n\n","protected":false},"excerpt":{"rendered":"","protected":false},"author":2,"featured_media":0,"parent":0,"menu_order":0,"comment_status":"closed","ping_status":"closed","template":"templates\/t-home.php","meta":{"_acf_changed":false,"inline_featured_image":false,"footnotes":""},"class_list":["post-8048","page","type-page","status-publish","hentry"],"acf":[],"yoast_head":"<!-- This site is optimized with the Yoast SEO Premium plugin v22.7 (Yoast SEO v27.4) - https:\/\/yoast.com\/product\/yoast-seo-premium-wordpress\/ -->\n<title>Polygonal \u2013 Industrie - Spantech<\/title>\n<meta name=\"robots\" content=\"index, follow, max-snippet:-1, max-image-preview:large, max-video-preview:-1\" \/>\n<link rel=\"canonical\" href=\"https:\/\/span-tech.com\/fr\/polygonal-industrie\/\" \/>\n<meta property=\"og:locale\" content=\"fr_FR\" \/>\n<meta property=\"og:type\" content=\"article\" \/>\n<meta property=\"og:title\" content=\"Polygonal \u2013 Industrie\" \/>\n<meta property=\"og:url\" content=\"https:\/\/span-tech.com\/fr\/polygonal-industrie\/\" \/>\n<meta property=\"og:site_name\" content=\"Spantech\" \/>\n<meta property=\"article:modified_time\" content=\"2023-09-19T06:58:34+00:00\" \/>\n<meta name=\"twitter:card\" content=\"summary_large_image\" \/>\n<script type=\"application\/ld+json\" class=\"yoast-schema-graph\">{\"@context\":\"https:\\\/\\\/schema.org\",\"@graph\":[{\"@type\":\"WebPage\",\"@id\":\"https:\\\/\\\/span-tech.com\\\/fr\\\/polygonal-industrie\\\/\",\"url\":\"https:\\\/\\\/span-tech.com\\\/fr\\\/polygonal-industrie\\\/\",\"name\":\"Polygonal \u2013 Industrie - Spantech\",\"isPartOf\":{\"@id\":\"https:\\\/\\\/span-tech.com\\\/fr\\\/#website\"},\"datePublished\":\"2023-08-15T15:32:13+00:00\",\"dateModified\":\"2023-09-19T06:58:34+00:00\",\"breadcrumb\":{\"@id\":\"https:\\\/\\\/span-tech.com\\\/fr\\\/polygonal-industrie\\\/#breadcrumb\"},\"inLanguage\":\"fr-FR\",\"potentialAction\":[{\"@type\":\"ReadAction\",\"target\":[\"https:\\\/\\\/span-tech.com\\\/fr\\\/polygonal-industrie\\\/\"]}]},{\"@type\":\"BreadcrumbList\",\"@id\":\"https:\\\/\\\/span-tech.com\\\/fr\\\/polygonal-industrie\\\/#breadcrumb\",\"itemListElement\":[{\"@type\":\"ListItem\",\"position\":1,\"name\":\"Home\",\"item\":\"https:\\\/\\\/span-tech.com\\\/fr\\\/\"},{\"@type\":\"ListItem\",\"position\":2,\"name\":\"Polygonal \u2013 Industrie\"}]},{\"@type\":\"WebSite\",\"@id\":\"https:\\\/\\\/span-tech.com\\\/fr\\\/#website\",\"url\":\"https:\\\/\\\/span-tech.com\\\/fr\\\/\",\"name\":\"Spantech\",\"description\":\"Expert in Modular Structures\",\"potentialAction\":[{\"@type\":\"SearchAction\",\"target\":{\"@type\":\"EntryPoint\",\"urlTemplate\":\"https:\\\/\\\/span-tech.com\\\/fr\\\/?s={search_term_string}\"},\"query-input\":{\"@type\":\"PropertyValueSpecification\",\"valueRequired\":true,\"valueName\":\"search_term_string\"}}],\"inLanguage\":\"fr-FR\"}]}<\/script>\n<!-- \/ Yoast SEO Premium plugin. -->","yoast_head_json":{"title":"Polygonal \u2013 Industrie - Spantech","robots":{"index":"index","follow":"follow","max-snippet":"max-snippet:-1","max-image-preview":"max-image-preview:large","max-video-preview":"max-video-preview:-1"},"canonical":"https:\/\/span-tech.com\/fr\/polygonal-industrie\/","og_locale":"fr_FR","og_type":"article","og_title":"Polygonal \u2013 Industrie","og_url":"https:\/\/span-tech.com\/fr\/polygonal-industrie\/","og_site_name":"Spantech","article_modified_time":"2023-09-19T06:58:34+00:00","twitter_card":"summary_large_image","schema":{"@context":"https:\/\/schema.org","@graph":[{"@type":"WebPage","@id":"https:\/\/span-tech.com\/fr\/polygonal-industrie\/","url":"https:\/\/span-tech.com\/fr\/polygonal-industrie\/","name":"Polygonal \u2013 Industrie - Spantech","isPartOf":{"@id":"https:\/\/span-tech.com\/fr\/#website"},"datePublished":"2023-08-15T15:32:13+00:00","dateModified":"2023-09-19T06:58:34+00:00","breadcrumb":{"@id":"https:\/\/span-tech.com\/fr\/polygonal-industrie\/#breadcrumb"},"inLanguage":"fr-FR","potentialAction":[{"@type":"ReadAction","target":["https:\/\/span-tech.com\/fr\/polygonal-industrie\/"]}]},{"@type":"BreadcrumbList","@id":"https:\/\/span-tech.com\/fr\/polygonal-industrie\/#breadcrumb","itemListElement":[{"@type":"ListItem","position":1,"name":"Home","item":"https:\/\/span-tech.com\/fr\/"},{"@type":"ListItem","position":2,"name":"Polygonal \u2013 Industrie"}]},{"@type":"WebSite","@id":"https:\/\/span-tech.com\/fr\/#website","url":"https:\/\/span-tech.com\/fr\/","name":"Spantech","description":"Expert in Modular Structures","potentialAction":[{"@type":"SearchAction","target":{"@type":"EntryPoint","urlTemplate":"https:\/\/span-tech.com\/fr\/?s={search_term_string}"},"query-input":{"@type":"PropertyValueSpecification","valueRequired":true,"valueName":"search_term_string"}}],"inLanguage":"fr-FR"}]}},"_links":{"self":[{"href":"https:\/\/span-tech.com\/fr\/wp-json\/wp\/v2\/pages\/8048","targetHints":{"allow":["GET"]}}],"collection":[{"href":"https:\/\/span-tech.com\/fr\/wp-json\/wp\/v2\/pages"}],"about":[{"href":"https:\/\/span-tech.com\/fr\/wp-json\/wp\/v2\/types\/page"}],"author":[{"embeddable":true,"href":"https:\/\/span-tech.com\/fr\/wp-json\/wp\/v2\/users\/2"}],"replies":[{"embeddable":true,"href":"https:\/\/span-tech.com\/fr\/wp-json\/wp\/v2\/comments?post=8048"}],"version-history":[{"count":1,"href":"https:\/\/span-tech.com\/fr\/wp-json\/wp\/v2\/pages\/8048\/revisions"}],"predecessor-version":[{"id":8049,"href":"https:\/\/span-tech.com\/fr\/wp-json\/wp\/v2\/pages\/8048\/revisions\/8049"}],"wp:attachment":[{"href":"https:\/\/span-tech.com\/fr\/wp-json\/wp\/v2\/media?parent=8048"}],"curies":[{"name":"wp","href":"https:\/\/api.w.org\/{rel}","templated":true}]}}